{"id":6751,"date":"2025-10-04T17:29:01","date_gmt":"2025-10-04T15:29:01","guid":{"rendered":"https:\/\/www.xylon.online\/?post_type=product&#038;p=6751"},"modified":"2026-03-14T14:41:47","modified_gmt":"2026-03-14T13:41:47","slug":"holzbuchstabe","status":"publish","type":"product","link":"https:\/\/www.xylon.online\/en\/produkt\/holzbuchstabe\/","title":{"rendered":"Hochwertige Holzbuchstaben f\u00fcr individuelle Dekorationen"},"content":{"rendered":"<p>Holen Sie sich jetzt das &#8220;X&#8221; als Dankesch\u00f6n f\u00fcr Ihre individuelle Dekorationen mit unseren hochwertigen Holzbuchstaben. Verleihen Sie Ihrem Zuhause oder B\u00fcro eine pers\u00f6nliche Note und lassen Sie Ihrer Kreativit\u00e4t freien Lauf. Die Buchstaben sind aus hochwertigem Holz gefertigt und eignen sich ideal f\u00fcr verschiedenste Gestaltungsm\u00f6glichkeiten. Sichern Sie sich jetzt Ihr pers\u00f6nliches &#8220;X&#8221; als besonderes Dankesch\u00f6n.<\/p>\n","protected":false},"excerpt":{"rendered":"<p>Das XLYON &#8220;X&#8221; ist eine hochwertige Holzbuchstabe, die sich ideal f\u00fcr individuelle Dekorationen eignet. Mit ihrem schlichten und eleganten Design verleiht sie jedem Raum eine pers\u00f6nliche Note. Ob als einzelner Buchstabe oder in Kombination mit anderen XLYON Buchstaben, dieses Produkt ist vielseitig einsetzbar und sorgt f\u00fcr eine stilvolle Atmosph\u00e4re.<\/p>\n","protected":false},"featured_media":6752,"comment_status":"open","ping_status":"closed","template":"","meta":{"inline_featured_image":false,"_monsterinsights_skip_tracking":false,"_monsterinsights_sitenote_active":false,"_monsterinsights_sitenote_note":"","_monsterinsights_sitenote_category":0},"product_brand":[],"product_cat":[29],"product_tag":[178,181],"class_list":{"0":"post-6751","1":"product","2":"type-product","3":"status-publish","4":"has-post-thumbnail","6":"product_cat-dekoration","7":"product_tag-eiche","8":"product_tag-holzbuchstabe","9":"product_shipping_class-kostenlos","10":"pa_farbe-natur","11":"pa_holzart-eiche","12":"pa_oberflaeche-unbehandelt","14":"first","15":"instock","16":"featured","17":"taxable","18":"shipping-taxable","19":"purchasable","20":"product-type-simple"},"_links":{"self":[{"href":"https:\/\/www.xylon.online\/en\/wp-json\/wp\/v2\/product\/6751","targetHints":{"allow":["GET"]}}],"collection":[{"href":"https:\/\/www.xylon.online\/en\/wp-json\/wp\/v2\/product"}],"about":[{"href":"https:\/\/www.xylon.online\/en\/wp-json\/wp\/v2\/types\/product"}],"replies":[{"embeddable":true,"href":"https:\/\/www.xylon.online\/en\/wp-json\/wp\/v2\/comments?post=6751"}],"version-history":[{"count":3,"href":"https:\/\/www.xylon.online\/en\/wp-json\/wp\/v2\/product\/6751\/revisions"}],"predecessor-version":[{"id":7223,"href":"https:\/\/www.xylon.online\/en\/wp-json\/wp\/v2\/product\/6751\/revisions\/7223"}],"wp:featuredmedia":[{"embeddable":true,"href":"https:\/\/www.xylon.online\/en\/wp-json\/wp\/v2\/media\/6752"}],"wp:attachment":[{"href":"https:\/\/www.xylon.online\/en\/wp-json\/wp\/v2\/media?parent=6751"}],"wp:term":[{"taxonomy":"product_brand","embeddable":true,"href":"https:\/\/www.xylon.online\/en\/wp-json\/wp\/v2\/product_brand?post=6751"},{"taxonomy":"product_cat","embeddable":true,"href":"https:\/\/www.xylon.online\/en\/wp-json\/wp\/v2\/product_cat?post=6751"},{"taxonomy":"product_tag","embeddable":true,"href":"https:\/\/www.xylon.online\/en\/wp-json\/wp\/v2\/product_tag?post=6751"}],"curies":[{"name":"wp","href":"https:\/\/api.w.org\/{rel}","templated":true}]}}