{"id":6834,"date":"2025-11-09T09:55:16","date_gmt":"2025-11-09T08:55:16","guid":{"rendered":"https:\/\/www.xylon.online\/?post_type=product&#038;p=6834"},"modified":"2026-03-14T14:42:58","modified_gmt":"2026-03-14T13:42:58","slug":"holzkugel","status":"publish","type":"product","link":"https:\/\/www.xylon.online\/en\/produkt\/holzkugel\/","title":{"rendered":"Holzkugel"},"content":{"rendered":"<p>Diese Kugel bringt echtes Holzgef\u00fchl in den Raum: Die Oberfl\u00e4che zeigt eine gleichm\u00e4\u00dfige, aber lebendige Eichenmaserung und passt damit sowohl zu modernen als auch zu klassischen Einrichtungen.<\/p>\n","protected":false},"excerpt":{"rendered":"<p>Holzkugel mit klar sichtbarer Holzmaserung<\/p>\n","protected":false},"featured_media":6833,"comment_status":"open","ping_status":"closed","template":"","meta":{"inline_featured_image":false,"_monsterinsights_skip_tracking":false,"_monsterinsights_sitenote_active":false,"_monsterinsights_sitenote_note":"","_monsterinsights_sitenote_category":0},"product_brand":[179],"product_cat":[29,31,35],"product_tag":[167,190,191],"class_list":{"0":"post-6834","1":"product","2":"type-product","3":"status-publish","4":"has-post-thumbnail","6":"product_brand-exklusiv-bei-xylon","7":"product_cat-dekoration","8":"product_cat-flur","9":"product_cat-wohnen","10":"product_tag-holz","11":"product_tag-kugel","12":"product_tag-maserung","13":"product_shipping_class-standard","14":"pa_farbe-natur","15":"pa_holzart-apfelbaum","16":"pa_holzart-birke","17":"pa_oberflaeche-geflammt","18":"pa_oberflaeche-geoelt","19":"pa_oberflaeche-lackiert","21":"first","22":"instock","23":"featured","24":"taxable","25":"shipping-taxable","26":"purchasable","27":"product-type-variable","28":"wvs-archive-product-wrapper"},"_links":{"self":[{"href":"https:\/\/www.xylon.online\/en\/wp-json\/wp\/v2\/product\/6834","targetHints":{"allow":["GET"]}}],"collection":[{"href":"https:\/\/www.xylon.online\/en\/wp-json\/wp\/v2\/product"}],"about":[{"href":"https:\/\/www.xylon.online\/en\/wp-json\/wp\/v2\/types\/product"}],"replies":[{"embeddable":true,"href":"https:\/\/www.xylon.online\/en\/wp-json\/wp\/v2\/comments?post=6834"}],"version-history":[{"count":1,"href":"https:\/\/www.xylon.online\/en\/wp-json\/wp\/v2\/product\/6834\/revisions"}],"predecessor-version":[{"id":6844,"href":"https:\/\/www.xylon.online\/en\/wp-json\/wp\/v2\/product\/6834\/revisions\/6844"}],"wp:featuredmedia":[{"embeddable":true,"href":"https:\/\/www.xylon.online\/en\/wp-json\/wp\/v2\/media\/6833"}],"wp:attachment":[{"href":"https:\/\/www.xylon.online\/en\/wp-json\/wp\/v2\/media?parent=6834"}],"wp:term":[{"taxonomy":"product_brand","embeddable":true,"href":"https:\/\/www.xylon.online\/en\/wp-json\/wp\/v2\/product_brand?post=6834"},{"taxonomy":"product_cat","embeddable":true,"href":"https:\/\/www.xylon.online\/en\/wp-json\/wp\/v2\/product_cat?post=6834"},{"taxonomy":"product_tag","embeddable":true,"href":"https:\/\/www.xylon.online\/en\/wp-json\/wp\/v2\/product_tag?post=6834"}],"curies":[{"name":"wp","href":"https:\/\/api.w.org\/{rel}","templated":true}]}}